{"id":27,"date":"2015-11-18T16:35:29","date_gmt":"2015-11-18T18:35:29","guid":{"rendered":"http:\/\/192.168.10.254\/sethosu\/?page_id=27"},"modified":"2015-11-23T13:53:34","modified_gmt":"2015-11-23T15:53:34","slug":"denuncie","status":"publish","type":"page","link":"https:\/\/sethosu.com.br\/?page_id=27","title":{"rendered":"Denuncie"},"content":{"rendered":"<p style=\"text-align: left;\">Fa\u00e7a aqui sua den\u00fancia<\/p>\n<div class=\"form-denuncie\" id=\"formulario\" data-seletor=\"denuncia\">\n<label>Nome:<\/label><br \/>\n<input id=\"nome\" type=\"text\" \/><br \/>\n<label>Endere\u00e7o:<\/label><br \/>\n<input id=\"endereco\" type=\"text\" \/><\/p>\n<div class=\"coluna-2 left\">\n<label>Bairro:<\/label><br \/>\n<input id=\"bairro\" type=\"text\" \/>\n<\/div>\n<div class=\"coluna-2 right\">\n<label>Cidade:<\/label><br \/>\n<input id=\"cidade\" type=\"text\" \/>\n<\/div>\n<div class=\"coluna-3 left\">\n<label>CEP:<\/label><br \/>\n<input id=\"cep\" type=\"text\" \/>\n<\/div>\n<div class=\"coluna-3 left\">\n<label>Telefone:<\/label><br \/>\n<input id=\"telefone\" type=\"text\" \/>\n<\/div>\n<div class=\"coluna-3 right\">\n<label>Celular:<\/label><br \/>\n<input id=\"celular\" type=\"text\" \/>\n<\/div>\n<p><label>Empresa:<\/label><br \/>\n<input id=\"empresa\" type=\"text\" \/><br \/>\n<label>CNPJ:<\/label><br \/>\n<input id=\"cnpj\" type=\"text\" \/><br \/>\n<label>Endere\u00e7o:<\/label><br \/>\n<input id=\"enderecoempresa\" type=\"text\" \/><\/p>\n<div class=\"coluna-2 left\">\n<label>Bairro:<\/label><br \/>\n<input id=\"bairroempresa\" type=\"text\" \/>\n<\/div>\n<div class=\"coluna-2 right\">\n<label>Cidade:<\/label><br \/>\n<input id=\"cidadeempresa\" type=\"text\" \/>\n<\/div>\n<div class=\"coluna-2 left\">\n<label>CEP:<\/label><br \/>\n<input id=\"cepempresa\" type=\"text\" \/>\n<\/div>\n<div class=\"coluna-2 right\">\n<label>Telefone:<\/label><br \/>\n<input id=\"telefoneempresa\" type=\"text\" \/>\n<\/div>\n<p><label>Atividade Principal:<\/label><br \/>\n<input id=\"atividade\" type=\"text\" \/><\/p>\n<div class=\"coluna-2 left\">\n<label>Contrato de Trabalho: Admiss\u00e3o:<\/label><br \/>\n<input id=\"contrato\" type=\"text\" \/>\n<\/div>\n<div class=\"coluna-2 right\">\n<label>Data Registro:<\/label><br \/>\n<input id=\"dataregistro\" type=\"text\" \/>\n<\/div>\n<p><label>Cargo\/fun\u00e7\u00e3o:<\/label><br \/>\n<input id=\"cargofuncao\" type=\"text\" \/><br \/>\n<label>Motivo da Den\u00fancia:<\/label><br \/>\n<textarea id=\"motivo\"><\/textarea><br \/>\n<a id=\"print\">IMPRIMIR<\/a>\n<\/div>\n","protected":false},"excerpt":{"rendered":"<p>Fa\u00e7a aqui sua den\u00fancia Nome: Endere\u00e7o: Bairro: Cidade: CEP: Telefone: Celular: Empresa: CNPJ: Endere\u00e7o: Bairro: Cidade: CEP: Telefone: Atividade Principal: Contrato de Trabalho: Admiss\u00e3o: Data Registro: Cargo\/fun\u00e7\u00e3o: Motivo da Den\u00fancia: IMPRIMIR<\/p>\n","protected":false},"author":1,"featured_media":0,"parent":0,"menu_order":0,"comment_status":"closed","ping_status":"closed","template":"","meta":{"footnotes":""},"_links":{"self":[{"href":"https:\/\/sethosu.com.br\/index.php?rest_route=\/wp\/v2\/pages\/27"}],"collection":[{"href":"https:\/\/sethosu.com.br\/index.php?rest_route=\/wp\/v2\/pages"}],"about":[{"href":"https:\/\/sethosu.com.br\/index.php?rest_route=\/wp\/v2\/types\/page"}],"author":[{"embeddable":true,"href":"https:\/\/sethosu.com.br\/index.php?rest_route=\/wp\/v2\/users\/1"}],"replies":[{"embeddable":true,"href":"https:\/\/sethosu.com.br\/index.php?rest_route=%2Fwp%2Fv2%2Fcomments&post=27"}],"version-history":[{"count":13,"href":"https:\/\/sethosu.com.br\/index.php?rest_route=\/wp\/v2\/pages\/27\/revisions"}],"predecessor-version":[{"id":171,"href":"https:\/\/sethosu.com.br\/index.php?rest_route=\/wp\/v2\/pages\/27\/revisions\/171"}],"wp:attachment":[{"href":"https:\/\/sethosu.com.br\/index.php?rest_route=%2Fwp%2Fv2%2Fmedia&parent=27"}],"curies":[{"name":"wp","href":"https:\/\/api.w.org\/{rel}","templated":true}]}}